{"id":90,"date":"2023-01-23T15:31:08","date_gmt":"2023-01-23T14:31:08","guid":{"rendered":"https:\/\/maedchenkammer.de\/WP\/?page_id=90"},"modified":"2024-02-07T10:41:09","modified_gmt":"2024-02-07T09:41:09","slug":"zimmer-rooms","status":"publish","type":"page","link":"https:\/\/maedchenkammer.de\/WP\/zimmer-rooms\/","title":{"rendered":"Zimmer \/ Rooms"},"content":{"rendered":"\n<div class=\"wp-block-columns is-layout-flex wp-container-core-columns-is-layout-28f84493 wp-block-columns-is-layout-flex\">\n<div class=\"wp-block-column is-layout-flow wp-block-column-is-layout-flow\" style=\"padding-top:var(--wp--preset--spacing--30);padding-right:var(--wp--preset--spacing--30);padding-bottom:var(--wp--preset--spacing--30);padding-left:var(--wp--preset--spacing--30)\">\n<h2 class=\"wp-block-heading has-large-font-size\">Innen<\/h2>\n\n\n\n<p>Gem\u00fctliche Zimmer in sch\u00f6nem Ambiente. <br>Jedes Zimmer mit separatem Eingang, Dusche, WC, K\u00fchlschrank, Wasserkocher, TV, WLAN.<\/p>\n<\/div>\n\n\n\n<div class=\"wp-block-column color_en is-layout-flow wp-block-column-is-layout-flow\" style=\"padding-top:var(--wp--preset--spacing--30);padding-right:var(--wp--preset--spacing--30);padding-bottom:var(--wp--preset--spacing--30);padding-left:var(--wp--preset--spacing--30)\">\n<h2 class=\"wp-block-heading has-large-font-size\"> Indoor<\/h2>\n\n\n\n<p>Cosy rooms in a nice ambience. <br>Each room with its own entrance, shower, WC, refrigerator, TV, WLAN (WiFi).<\/p>\n<\/div>\n<\/div>\n\n\n\n<figure class=\"wp-block-gallery has-nested-images columns-5 is-cropped wp-block-gallery-1 is-layout-flex wp-block-gallery-is-layout-flex\">\n<figure class=\"wp-block-image size-full\"><a href=\"https:\/\/maedchenkammer.de\/WP\/wp-content\/uploads\/2023\/11\/P1001225-scaled.jpg\"><img loading=\"lazy\" decoding=\"async\" width=\"2560\" height=\"1707\" data-id=\"1769\" src=\"https:\/\/maedchenkammer.de\/WP\/wp-content\/uploads\/2023\/11\/P1001225-scaled.jpg\" alt=\"\" class=\"wp-image-1769\" srcset=\"https:\/\/maedchenkammer.de\/WP\/wp-content\/uploads\/2023\/11\/P1001225-scaled.jpg 2560w, https:\/\/maedchenkammer.de\/WP\/wp-content\/uploads\/2023\/11\/P1001225-300x200.jpg 300w, https:\/\/maedchenkammer.de\/WP\/wp-content\/uploads\/2023\/11\/P1001225-1024x683.jpg 1024w, https:\/\/maedchenkammer.de\/WP\/wp-content\/uploads\/2023\/11\/P1001225-768x512.jpg 768w, https:\/\/maedchenkammer.de\/WP\/wp-content\/uploads\/2023\/11\/P1001225-1536x1024.jpg 1536w, https:\/\/maedchenkammer.de\/WP\/wp-content\/uploads\/2023\/11\/P1001225-2048x1365.jpg 2048w\" sizes=\"auto, (max-width: 2560px) 100vw, 2560px\" \/><\/a><\/figure>\n\n\n\n<figure class=\"wp-block-image size-full\"><a href=\"https:\/\/maedchenkammer.de\/WP\/wp-content\/uploads\/2023\/11\/P1001107-scaled.jpg\"><img loading=\"lazy\" decoding=\"async\" width=\"2560\" height=\"1707\" data-id=\"1750\" src=\"https:\/\/maedchenkammer.de\/WP\/wp-content\/uploads\/2023\/11\/P1001107-scaled.jpg\" alt=\"\" class=\"wp-image-1750\" srcset=\"https:\/\/maedchenkammer.de\/WP\/wp-content\/uploads\/2023\/11\/P1001107-scaled.jpg 2560w, https:\/\/maedchenkammer.de\/WP\/wp-content\/uploads\/2023\/11\/P1001107-300x200.jpg 300w, https:\/\/maedchenkammer.de\/WP\/wp-content\/uploads\/2023\/11\/P1001107-1024x683.jpg 1024w, https:\/\/maedchenkammer.de\/WP\/wp-content\/uploads\/2023\/11\/P1001107-768x512.jpg 768w, https:\/\/maedchenkammer.de\/WP\/wp-content\/uploads\/2023\/11\/P1001107-1536x1024.jpg 1536w, https:\/\/maedchenkammer.de\/WP\/wp-content\/uploads\/2023\/11\/P1001107-2048x1365.jpg 2048w\" sizes=\"auto, (max-width: 2560px) 100vw, 2560px\" \/><\/a><\/figure>\n\n\n\n<figure class=\"wp-block-image size-full\"><a href=\"https:\/\/maedchenkammer.de\/WP\/wp-content\/uploads\/2023\/11\/P1001242-scaled.jpg\"><img loading=\"lazy\" decoding=\"async\" width=\"2560\" height=\"1707\" data-id=\"1768\" src=\"https:\/\/maedchenkammer.de\/WP\/wp-content\/uploads\/2023\/11\/P1001242-scaled.jpg\" alt=\"\" class=\"wp-image-1768\" srcset=\"https:\/\/maedchenkammer.de\/WP\/wp-content\/uploads\/2023\/11\/P1001242-scaled.jpg 2560w, https:\/\/maedchenkammer.de\/WP\/wp-content\/uploads\/2023\/11\/P1001242-300x200.jpg 300w, https:\/\/maedchenkammer.de\/WP\/wp-content\/uploads\/2023\/11\/P1001242-1024x683.jpg 1024w, https:\/\/maedchenkammer.de\/WP\/wp-content\/uploads\/2023\/11\/P1001242-768x512.jpg 768w, https:\/\/maedchenkammer.de\/WP\/wp-content\/uploads\/2023\/11\/P1001242-1536x1024.jpg 1536w, https:\/\/maedchenkammer.de\/WP\/wp-content\/uploads\/2023\/11\/P1001242-2048x1365.jpg 2048w\" sizes=\"auto, (max-width: 2560px) 100vw, 2560px\" \/><\/a><\/figure>\n\n\n\n<figure class=\"wp-block-image size-full\"><a href=\"https:\/\/maedchenkammer.de\/WP\/wp-content\/uploads\/2023\/11\/P1001244-scaled.jpg\"><img loading=\"lazy\" decoding=\"async\" width=\"2560\" height=\"1707\" data-id=\"1753\" src=\"https:\/\/maedchenkammer.de\/WP\/wp-content\/uploads\/2023\/11\/P1001244-scaled.jpg\" alt=\"\" class=\"wp-image-1753\" srcset=\"https:\/\/maedchenkammer.de\/WP\/wp-content\/uploads\/2023\/11\/P1001244-scaled.jpg 2560w, https:\/\/maedchenkammer.de\/WP\/wp-content\/uploads\/2023\/11\/P1001244-300x200.jpg 300w, https:\/\/maedchenkammer.de\/WP\/wp-content\/uploads\/2023\/11\/P1001244-1024x683.jpg 1024w, https:\/\/maedchenkammer.de\/WP\/wp-content\/uploads\/2023\/11\/P1001244-768x512.jpg 768w, https:\/\/maedchenkammer.de\/WP\/wp-content\/uploads\/2023\/11\/P1001244-1536x1024.jpg 1536w, https:\/\/maedchenkammer.de\/WP\/wp-content\/uploads\/2023\/11\/P1001244-2048x1365.jpg 2048w\" sizes=\"auto, (max-width: 2560px) 100vw, 2560px\" \/><\/a><\/figure>\n\n\n\n<figure class=\"wp-block-image size-full\"><a href=\"https:\/\/maedchenkammer.de\/WP\/wp-content\/uploads\/2023\/11\/P1001157-scaled.jpg\"><img loading=\"lazy\" decoding=\"async\" width=\"2560\" height=\"1707\" data-id=\"1754\" src=\"https:\/\/maedchenkammer.de\/WP\/wp-content\/uploads\/2023\/11\/P1001157-scaled.jpg\" alt=\"\" class=\"wp-image-1754\" srcset=\"https:\/\/maedchenkammer.de\/WP\/wp-content\/uploads\/2023\/11\/P1001157-scaled.jpg 2560w, https:\/\/maedchenkammer.de\/WP\/wp-content\/uploads\/2023\/11\/P1001157-300x200.jpg 300w, https:\/\/maedchenkammer.de\/WP\/wp-content\/uploads\/2023\/11\/P1001157-1024x683.jpg 1024w, https:\/\/maedchenkammer.de\/WP\/wp-content\/uploads\/2023\/11\/P1001157-768x512.jpg 768w, https:\/\/maedchenkammer.de\/WP\/wp-content\/uploads\/2023\/11\/P1001157-1536x1024.jpg 1536w, https:\/\/maedchenkammer.de\/WP\/wp-content\/uploads\/2023\/11\/P1001157-2048x1365.jpg 2048w\" sizes=\"auto, (max-width: 2560px) 100vw, 2560px\" \/><\/a><\/figure>\n\n\n\n<figure class=\"wp-block-image size-full\"><a href=\"https:\/\/maedchenkammer.de\/WP\/wp-content\/uploads\/2023\/11\/P1001178-1-scaled.jpg\"><img loading=\"lazy\" decoding=\"async\" width=\"2560\" height=\"1707\" data-id=\"1752\" src=\"https:\/\/maedchenkammer.de\/WP\/wp-content\/uploads\/2023\/11\/P1001178-1-scaled.jpg\" alt=\"\" class=\"wp-image-1752\" srcset=\"https:\/\/maedchenkammer.de\/WP\/wp-content\/uploads\/2023\/11\/P1001178-1-scaled.jpg 2560w, https:\/\/maedchenkammer.de\/WP\/wp-content\/uploads\/2023\/11\/P1001178-1-300x200.jpg 300w, https:\/\/maedchenkammer.de\/WP\/wp-content\/uploads\/2023\/11\/P1001178-1-1024x683.jpg 1024w, https:\/\/maedchenkammer.de\/WP\/wp-content\/uploads\/2023\/11\/P1001178-1-768x512.jpg 768w, https:\/\/maedchenkammer.de\/WP\/wp-content\/uploads\/2023\/11\/P1001178-1-1536x1024.jpg 1536w, https:\/\/maedchenkammer.de\/WP\/wp-content\/uploads\/2023\/11\/P1001178-1-2048x1365.jpg 2048w\" sizes=\"auto, (max-width: 2560px) 100vw, 2560px\" \/><\/a><\/figure>\n<figcaption class=\"blocks-gallery-caption wp-element-caption\">Zimmeransichten \/ Views of the rooms<\/figcaption><\/figure>\n\n\n\n<div class=\"wp-block-columns is-layout-flex wp-container-core-columns-is-layout-28f84493 wp-block-columns-is-layout-flex\">\n<div class=\"wp-block-column is-layout-flow wp-block-column-is-layout-flow\" style=\"padding-top:var(--wp--preset--spacing--30);padding-right:var(--wp--preset--spacing--30);padding-bottom:var(--wp--preset--spacing--30);padding-left:var(--wp--preset--spacing--30)\">\n<h2 class=\"wp-block-heading has-large-font-size\">Au\u00dfen<\/h2>\n\n\n\n<p>Zum denkmalgesch\u00fctzten Haus von 1860 geh\u00f6rt auch ein ruhiger Gartenbereich mit altem Baumbestand.<\/p>\n<\/div>\n\n\n\n<div class=\"wp-block-column color_en is-layout-flow wp-block-column-is-layout-flow\" style=\"padding-top:var(--wp--preset--spacing--30);padding-right:var(--wp--preset--spacing--30);padding-bottom:var(--wp--preset--spacing--30);padding-left:var(--wp--preset--spacing--30)\">\n<h2 class=\"wp-block-heading has-large-font-size\">Outside<\/h2>\n\n\n\n<p>The historical building dating back to 1860 is located in a quiet garden with beautiful old trees.<\/p>\n<\/div>\n<\/div>\n\n\n\n<figure class=\"wp-block-gallery has-nested-images columns-default is-cropped wp-block-gallery-2 is-layout-flex wp-block-gallery-is-layout-flex\">\n<figure class=\"wp-block-image size-full\"><a href=\"https:\/\/maedchenkammer.de\/WP\/wp-content\/uploads\/2023\/11\/Selektion-Kirschblu\u2560eten-2023-2-von-35-scaled.jpeg\"><img loading=\"lazy\" decoding=\"async\" width=\"1707\" height=\"2560\" data-id=\"1747\" src=\"https:\/\/maedchenkammer.de\/WP\/wp-content\/uploads\/2023\/11\/Selektion-Kirschblu\u2560eten-2023-2-von-35-scaled.jpeg\" alt=\"\" class=\"wp-image-1747\" srcset=\"https:\/\/maedchenkammer.de\/WP\/wp-content\/uploads\/2023\/11\/Selektion-Kirschblu\u2560eten-2023-2-von-35-scaled.jpeg 1707w, https:\/\/maedchenkammer.de\/WP\/wp-content\/uploads\/2023\/11\/Selektion-Kirschblu\u2560eten-2023-2-von-35-200x300.jpeg 200w, https:\/\/maedchenkammer.de\/WP\/wp-content\/uploads\/2023\/11\/Selektion-Kirschblu\u2560eten-2023-2-von-35-683x1024.jpeg 683w, https:\/\/maedchenkammer.de\/WP\/wp-content\/uploads\/2023\/11\/Selektion-Kirschblu\u2560eten-2023-2-von-35-768x1152.jpeg 768w, https:\/\/maedchenkammer.de\/WP\/wp-content\/uploads\/2023\/11\/Selektion-Kirschblu\u2560eten-2023-2-von-35-1024x1536.jpeg 1024w, https:\/\/maedchenkammer.de\/WP\/wp-content\/uploads\/2023\/11\/Selektion-Kirschblu\u2560eten-2023-2-von-35-1365x2048.jpeg 1365w\" sizes=\"auto, (max-width: 1707px) 100vw, 1707px\" \/><\/a><\/figure>\n\n\n\n<figure class=\"wp-block-image size-full\"><a href=\"https:\/\/maedchenkammer.de\/WP\/wp-content\/uploads\/2023\/11\/Selektion-Kirschblu\u2560eten-2023-17-von-35-scaled.jpeg\"><img loading=\"lazy\" decoding=\"async\" width=\"2560\" height=\"1707\" data-id=\"1761\" src=\"https:\/\/maedchenkammer.de\/WP\/wp-content\/uploads\/2023\/11\/Selektion-Kirschblu\u2560eten-2023-17-von-35-scaled.jpeg\" alt=\"\" class=\"wp-image-1761\" srcset=\"https:\/\/maedchenkammer.de\/WP\/wp-content\/uploads\/2023\/11\/Selektion-Kirschblu\u2560eten-2023-17-von-35-scaled.jpeg 2560w, https:\/\/maedchenkammer.de\/WP\/wp-content\/uploads\/2023\/11\/Selektion-Kirschblu\u2560eten-2023-17-von-35-300x200.jpeg 300w, https:\/\/maedchenkammer.de\/WP\/wp-content\/uploads\/2023\/11\/Selektion-Kirschblu\u2560eten-2023-17-von-35-1024x683.jpeg 1024w, https:\/\/maedchenkammer.de\/WP\/wp-content\/uploads\/2023\/11\/Selektion-Kirschblu\u2560eten-2023-17-von-35-768x512.jpeg 768w, https:\/\/maedchenkammer.de\/WP\/wp-content\/uploads\/2023\/11\/Selektion-Kirschblu\u2560eten-2023-17-von-35-1536x1024.jpeg 1536w, https:\/\/maedchenkammer.de\/WP\/wp-content\/uploads\/2023\/11\/Selektion-Kirschblu\u2560eten-2023-17-von-35-2048x1365.jpeg 2048w\" sizes=\"auto, (max-width: 2560px) 100vw, 2560px\" \/><\/a><\/figure>\n<figcaption class=\"blocks-gallery-caption wp-element-caption\">Die Pension M\u00e4dchenkammer mit ihrem ruhigen Hof \/ The Maiden Chamber Hostel with a quiet courtyard<\/figcaption><\/figure>\n\n\n\n<figure class=\"wp-block-image size-large\"><img loading=\"lazy\" decoding=\"async\" width=\"1024\" height=\"683\" src=\"https:\/\/maedchenkammer.de\/WP\/wp-content\/uploads\/2024\/02\/Innenhof-1024x683.jpg\" alt=\"\" class=\"wp-image-2067\" srcset=\"https:\/\/maedchenkammer.de\/WP\/wp-content\/uploads\/2024\/02\/Innenhof-1024x683.jpg 1024w, https:\/\/maedchenkammer.de\/WP\/wp-content\/uploads\/2024\/02\/Innenhof-300x200.jpg 300w, https:\/\/maedchenkammer.de\/WP\/wp-content\/uploads\/2024\/02\/Innenhof-768x512.jpg 768w, https:\/\/maedchenkammer.de\/WP\/wp-content\/uploads\/2024\/02\/Innenhof-1536x1024.jpg 1536w, https:\/\/maedchenkammer.de\/WP\/wp-content\/uploads\/2024\/02\/Innenhof-2048x1365.jpg 2048w\" sizes=\"auto, (max-width: 1024px) 100vw, 1024px\" \/><\/figure>\n\n\n\n<figure class=\"wp-block-image size-large\"><img loading=\"lazy\" decoding=\"async\" width=\"1024\" height=\"683\" src=\"https:\/\/maedchenkammer.de\/WP\/wp-content\/uploads\/2024\/02\/Innenhof-2-1-1024x683.jpg\" alt=\"\" class=\"wp-image-2068\" srcset=\"https:\/\/maedchenkammer.de\/WP\/wp-content\/uploads\/2024\/02\/Innenhof-2-1-1024x683.jpg 1024w, https:\/\/maedchenkammer.de\/WP\/wp-content\/uploads\/2024\/02\/Innenhof-2-1-300x200.jpg 300w, https:\/\/maedchenkammer.de\/WP\/wp-content\/uploads\/2024\/02\/Innenhof-2-1-768x512.jpg 768w, https:\/\/maedchenkammer.de\/WP\/wp-content\/uploads\/2024\/02\/Innenhof-2-1-1536x1024.jpg 1536w, https:\/\/maedchenkammer.de\/WP\/wp-content\/uploads\/2024\/02\/Innenhof-2-1-2048x1365.jpg 2048w\" sizes=\"auto, (max-width: 1024px) 100vw, 1024px\" \/><\/figure>\n","protected":false},"excerpt":{"rendered":"<p>Innen Gem\u00fctliche Zimmer in sch\u00f6nem Ambiente. Jedes Zimmer mit separatem Eingang, Dusche, WC, K\u00fchlschrank, Wasserkocher, TV, WLAN. Indoor Cosy rooms in a nice ambience. Each room with its own entrance, shower, WC, refrigerator, TV, WLAN (WiFi). Au\u00dfen Zum denkmalgesch\u00fctzten Haus von 1860 geh\u00f6rt auch ein ruhiger Gartenbereich mit altem Baumbestand. Outside The historical building dating [&hellip;]<\/p>\n","protected":false},"author":1,"featured_media":0,"parent":0,"menu_order":2,"comment_status":"closed","ping_status":"closed","template":"","meta":{"footnotes":""},"class_list":["post-90","page","type-page","status-publish","hentry"],"_links":{"self":[{"href":"https:\/\/maedchenkammer.de\/WP\/wp-json\/wp\/v2\/pages\/90","targetHints":{"allow":["GET"]}}],"collection":[{"href":"https:\/\/maedchenkammer.de\/WP\/wp-json\/wp\/v2\/pages"}],"about":[{"href":"https:\/\/maedchenkammer.de\/WP\/wp-json\/wp\/v2\/types\/page"}],"author":[{"embeddable":true,"href":"https:\/\/maedchenkammer.de\/WP\/wp-json\/wp\/v2\/users\/1"}],"replies":[{"embeddable":true,"href":"https:\/\/maedchenkammer.de\/WP\/wp-json\/wp\/v2\/comments?post=90"}],"version-history":[{"count":19,"href":"https:\/\/maedchenkammer.de\/WP\/wp-json\/wp\/v2\/pages\/90\/revisions"}],"predecessor-version":[{"id":2069,"href":"https:\/\/maedchenkammer.de\/WP\/wp-json\/wp\/v2\/pages\/90\/revisions\/2069"}],"wp:attachment":[{"href":"https:\/\/maedchenkammer.de\/WP\/wp-json\/wp\/v2\/media?parent=90"}],"curies":[{"name":"wp","href":"https:\/\/api.w.org\/{rel}","templated":true}]}}