{"id":17,"date":"2023-01-20T15:36:13","date_gmt":"2023-01-20T14:36:13","guid":{"rendered":"https:\/\/maedchenkammer.de\/WP\/?page_id=17"},"modified":"2023-02-20T13:14:38","modified_gmt":"2023-02-20T12:14:38","slug":"pension-maedchenkammer","status":"publish","type":"page","link":"https:\/\/maedchenkammer.de\/WP\/","title":{"rendered":"Home"},"content":{"rendered":"\n<h2 class=\"has-large-font-size wp-block-heading\"><strong>Willkommen in der Pension M\u00e4dchenkammer<\/strong><\/h2>\n\n\n\n<div class=\"wp-block-columns is-layout-flex wp-container-core-columns-is-layout-d7d455e7 wp-block-columns-is-layout-flex\" style=\"border-style:none;border-width:0px;padding-top:0;padding-right:0;padding-bottom:0;padding-left:0\">\n<div class=\"wp-block-column is-layout-flow wp-block-column-is-layout-flow\" style=\"padding-top:4px;padding-right:4px;padding-bottom:4px;padding-left:4px\">\n<p>\u00dcbernachten Sie im ruhigen und gepflegten historischen Ambiente unserer M\u00c4DCHENKAMMER in unmittelbarer N\u00e4he zu Prenzlauer Berg, Museumsinsel, Alexanderplatz und Hackesche H\u00f6fe. Jedes Zimmer mit separatem Eingang, Dusche, WC, TV und WLAN-Internet-Zugang.<\/p>\n<\/div>\n\n\n\n<div class=\"wp-block-column is-layout-flow wp-block-column-is-layout-flow\" style=\"padding-top:5px;padding-right:5px;padding-bottom:5px;padding-left:5px\">\n<p class=\"has-text-color\" style=\"color:#999999\"><em>Staying in a restored historical place (clean, quiet, safe) in the heart of Berlin, close to Prenzlauer Berg, Museum Island, Alexanderplatz, Hackesche H\u00f6fe. <\/em><br><em>Each room with its own entrance, shower, WC, TV and WiFi Internet Access.<\/em><\/p>\n<\/div>\n<\/div>\n\n\n\n<figure class=\"wp-block-image size-full mittig\"><img loading=\"lazy\" decoding=\"async\" width=\"1024\" height=\"606\" src=\"https:\/\/maedchenkammer.de\/WP\/wp-content\/uploads\/2023\/02\/Innenhof-Pension-Maedchenkammer.jpg\" alt=\"Innenhof der Pension M\u00e4dchenkammer in der Lottumstra\u00dfe in Berlin\" class=\"wp-image-291\" srcset=\"https:\/\/maedchenkammer.de\/WP\/wp-content\/uploads\/2023\/02\/Innenhof-Pension-Maedchenkammer.jpg 1024w, https:\/\/maedchenkammer.de\/WP\/wp-content\/uploads\/2023\/02\/Innenhof-Pension-Maedchenkammer-300x178.jpg 300w, https:\/\/maedchenkammer.de\/WP\/wp-content\/uploads\/2023\/02\/Innenhof-Pension-Maedchenkammer-768x455.jpg 768w\" sizes=\"auto, (max-width: 1024px) 100vw, 1024px\" \/><figcaption class=\"wp-element-caption\">Der ruhige Hinterhof \/ <em>The quiet backyard<\/em><br><strong>Pension M\u00e4dchenkammer<\/strong> Lottumstra\u00dfe 20, 10119 Berlin<br><\/figcaption><\/figure>\n\n\n\n<div style=\"height:30px\" aria-hidden=\"true\" class=\"wp-block-spacer\"><\/div>\n\n\n\n<figure class=\"wp-block-image aligncenter size-full is-resized\"><img loading=\"lazy\" decoding=\"async\" src=\"https:\/\/maedchenkammer.de\/WP\/wp-content\/uploads\/2023\/01\/logo_maedchenkammer.png\" alt=\"\" class=\"wp-image-84\" width=\"225\" height=\"161\"\/><\/figure>\n","protected":false},"excerpt":{"rendered":"<p>Willkommen in der Pension M\u00e4dchenkammer \u00dcbernachten Sie im ruhigen und gepflegten historischen Ambiente unserer M\u00c4DCHENKAMMER in unmittelbarer N\u00e4he zu Prenzlauer Berg, Museumsinsel, Alexanderplatz und Hackesche H\u00f6fe. Jedes Zimmer mit separatem Eingang, Dusche, WC, TV und WLAN-Internet-Zugang. Staying in a restored historical place (clean, quiet, safe) in the heart of Berlin, close to Prenzlauer Berg, Museum [&hellip;]<\/p>\n","protected":false},"author":1,"featured_media":0,"parent":0,"menu_order":1,"comment_status":"closed","ping_status":"closed","template":"","meta":{"footnotes":""},"class_list":["post-17","page","type-page","status-publish","hentry"],"_links":{"self":[{"href":"https:\/\/maedchenkammer.de\/WP\/wp-json\/wp\/v2\/pages\/17","targetHints":{"allow":["GET"]}}],"collection":[{"href":"https:\/\/maedchenkammer.de\/WP\/wp-json\/wp\/v2\/pages"}],"about":[{"href":"https:\/\/maedchenkammer.de\/WP\/wp-json\/wp\/v2\/types\/page"}],"author":[{"embeddable":true,"href":"https:\/\/maedchenkammer.de\/WP\/wp-json\/wp\/v2\/users\/1"}],"replies":[{"embeddable":true,"href":"https:\/\/maedchenkammer.de\/WP\/wp-json\/wp\/v2\/comments?post=17"}],"version-history":[{"count":42,"href":"https:\/\/maedchenkammer.de\/WP\/wp-json\/wp\/v2\/pages\/17\/revisions"}],"predecessor-version":[{"id":308,"href":"https:\/\/maedchenkammer.de\/WP\/wp-json\/wp\/v2\/pages\/17\/revisions\/308"}],"wp:attachment":[{"href":"https:\/\/maedchenkammer.de\/WP\/wp-json\/wp\/v2\/media?parent=17"}],"curies":[{"name":"wp","href":"https:\/\/api.w.org\/{rel}","templated":true}]}}