{"id":133,"date":"2023-01-23T18:04:07","date_gmt":"2023-01-23T17:04:07","guid":{"rendered":"https:\/\/maedchenkammer.de\/WP\/?page_id=133"},"modified":"2024-12-06T10:49:34","modified_gmt":"2024-12-06T09:49:34","slug":"preise-prices","status":"publish","type":"page","link":"https:\/\/maedchenkammer.de\/WP\/preise-prices\/","title":{"rendered":"Preise \/ prices"},"content":{"rendered":"\n<div class=\"wp-block-columns is-layout-flex wp-container-core-columns-is-layout-28f84493 wp-block-columns-is-layout-flex\">\n<div class=\"wp-block-column is-layout-flow wp-block-column-is-layout-flow\" style=\"padding-top:var(--wp--preset--spacing--30);padding-right:var(--wp--preset--spacing--30);padding-bottom:var(--wp--preset--spacing--30);padding-left:var(--wp--preset--spacing--30)\">\n<h2 class=\"wp-block-heading has-medium-font-size\"><strong>Preisliste Pension<br>M\u00e4dchenkammer<\/strong><\/h2>\n\n\n\n<p>(Saisonale Preisschwankungen m\u00f6glich)<\/p>\n\n\n\n<p><strong>Alle Preise in Euro pro Nacht<\/strong><\/p>\n\n\n\n<figure class=\"wp-block-table is-style-regular has-small-font-size\"><table><tbody><tr><td><strong>Montag bis Donnerstag<\/strong><\/td><td class=\"has-text-align-center\" data-align=\"center\">EZ<\/td><td class=\"has-text-align-center\" data-align=\"center\">DZ<\/td><\/tr><tr><td>Ab 3 N\u00e4chten<\/td><td class=\"has-text-align-center\" data-align=\"center\">60<\/td><td class=\"has-text-align-center\" data-align=\"center\">80<\/td><\/tr><tr><td>2 N\u00e4chte<\/td><td class=\"has-text-align-center\" data-align=\"center\">70<\/td><td class=\"has-text-align-center\" data-align=\"center\">90<\/td><\/tr><tr><td>1 Nacht<\/td><td class=\"has-text-align-center\" data-align=\"center\">90<\/td><td class=\"has-text-align-center\" data-align=\"center\">110<\/td><\/tr><tr><td><strong>Freitag bis Sonntag<\/strong><\/td><td class=\"has-text-align-center\" data-align=\"center\">EZ<\/td><td class=\"has-text-align-center\" data-align=\"center\">DZ<\/td><\/tr><tr><td>Ab 3 N\u00e4chten<\/td><td class=\"has-text-align-center\" data-align=\"center\">70<\/td><td class=\"has-text-align-center\" data-align=\"center\">90<\/td><\/tr><tr><td>2 N\u00e4chte<\/td><td class=\"has-text-align-center\" data-align=\"center\">80<\/td><td class=\"has-text-align-center\" data-align=\"center\">100<\/td><\/tr><tr><td>1 Nacht<\/td><td class=\"has-text-align-center\" data-align=\"center\">100<\/td><td class=\"has-text-align-center\" data-align=\"center\">120<\/td><\/tr><\/tbody><\/table><figcaption class=\"wp-element-caption\"><br>F\u00fcr jede weitere Person im Zimmer berechnen wir einen Aufpreis von 20 Euro pro Nacht.<br>F\u00fcr ein Kind unter 12 Jahren berechnen wir 10 Euro pro Nacht.<\/figcaption><\/figure>\n<\/div>\n\n\n\n<div class=\"wp-block-column color_en is-layout-flow wp-block-column-is-layout-flow\" style=\"padding-top:var(--wp--preset--spacing--30);padding-right:var(--wp--preset--spacing--30);padding-bottom:var(--wp--preset--spacing--30);padding-left:var(--wp--preset--spacing--30)\">\n<h2 class=\"wp-block-heading has-medium-font-size\"><strong>Pricelist Hostel<br>Maiden Chamber<\/strong><\/h2>\n\n\n\n<p>(Seasonal price changes are possible)<\/p>\n\n\n\n<p><strong>All prices in Euro per night<\/strong><\/p>\n\n\n\n<figure class=\"wp-block-table is-style-regular has-small-font-size\"><table><tbody><tr><td><strong><strong>Monday thru Thursday<\/strong><\/strong><\/td><td class=\"has-text-align-center\" data-align=\"center\">EZ<\/td><td class=\"has-text-align-center\" data-align=\"center\">DZ<\/td><\/tr><tr><td>From 3 nights<\/td><td class=\"has-text-align-center\" data-align=\"center\">60<\/td><td class=\"has-text-align-center\" data-align=\"center\">80<\/td><\/tr><tr><td>2 nights<\/td><td class=\"has-text-align-center\" data-align=\"center\">70<\/td><td class=\"has-text-align-center\" data-align=\"center\">90<\/td><\/tr><tr><td>1 night<\/td><td class=\"has-text-align-center\" data-align=\"center\">90<\/td><td class=\"has-text-align-center\" data-align=\"center\">110<\/td><\/tr><tr><td><strong><strong>Friday thru Sunday<\/strong><\/strong><\/td><td class=\"has-text-align-center\" data-align=\"center\">EZ<\/td><td class=\"has-text-align-center\" data-align=\"center\">DZ<\/td><\/tr><tr><td>From 3 nights<\/td><td class=\"has-text-align-center\" data-align=\"center\">70<\/td><td class=\"has-text-align-center\" data-align=\"center\">90<\/td><\/tr><tr><td>2 nights<\/td><td class=\"has-text-align-center\" data-align=\"center\">80<\/td><td class=\"has-text-align-center\" data-align=\"center\">100<\/td><\/tr><tr><td>1 night<\/td><td class=\"has-text-align-center\" data-align=\"center\">100<\/td><td class=\"has-text-align-center\" data-align=\"center\">120<\/td><\/tr><\/tbody><\/table><figcaption class=\"wp-element-caption\"><br>For each additional person in the room we charge a surcharge of 20 euros per night.<br>For a child under the age of 12 we charge 10 Euros per night.<\/figcaption><\/figure>\n<\/div>\n<\/div>\n","protected":false},"excerpt":{"rendered":"<p>Preisliste PensionM\u00e4dchenkammer (Saisonale Preisschwankungen m\u00f6glich) Alle Preise in Euro pro Nacht Montag bis Donnerstag EZ DZ Ab 3 N\u00e4chten 60 80 2 N\u00e4chte 70 90 1 Nacht 90 110 Freitag bis Sonntag EZ DZ Ab 3 N\u00e4chten 70 90 2 N\u00e4chte 80 100 1 Nacht 100 120 F\u00fcr jede weitere Person im Zimmer berechnen wir [&hellip;]<\/p>\n","protected":false},"author":1,"featured_media":0,"parent":0,"menu_order":3,"comment_status":"closed","ping_status":"closed","template":"","meta":{"footnotes":""},"class_list":["post-133","page","type-page","status-publish","hentry"],"_links":{"self":[{"href":"https:\/\/maedchenkammer.de\/WP\/wp-json\/wp\/v2\/pages\/133","targetHints":{"allow":["GET"]}}],"collection":[{"href":"https:\/\/maedchenkammer.de\/WP\/wp-json\/wp\/v2\/pages"}],"about":[{"href":"https:\/\/maedchenkammer.de\/WP\/wp-json\/wp\/v2\/types\/page"}],"author":[{"embeddable":true,"href":"https:\/\/maedchenkammer.de\/WP\/wp-json\/wp\/v2\/users\/1"}],"replies":[{"embeddable":true,"href":"https:\/\/maedchenkammer.de\/WP\/wp-json\/wp\/v2\/comments?post=133"}],"version-history":[{"count":20,"href":"https:\/\/maedchenkammer.de\/WP\/wp-json\/wp\/v2\/pages\/133\/revisions"}],"predecessor-version":[{"id":3258,"href":"https:\/\/maedchenkammer.de\/WP\/wp-json\/wp\/v2\/pages\/133\/revisions\/3258"}],"wp:attachment":[{"href":"https:\/\/maedchenkammer.de\/WP\/wp-json\/wp\/v2\/media?parent=133"}],"curies":[{"name":"wp","href":"https:\/\/api.w.org\/{rel}","templated":true}]}}